{"id":295,"date":"2018-09-22T11:56:59","date_gmt":"2018-09-22T11:56:59","guid":{"rendered":"http:\/\/www.efikanutricion.es\/?page_id=295"},"modified":"2018-12-04T18:27:34","modified_gmt":"2018-12-04T18:27:34","slug":"politica-de-privacidad","status":"publish","type":"page","link":"https:\/\/www.efikanutricion.es\/index.php\/politica-de-privacidad\/","title":{"rendered":"Pol\u00edtica de privacidad"},"content":{"rendered":"<p><span style=\"color: #008000;\"><em>Aviso legal<\/em><\/span><\/p>\n<p><em><span style=\"color: #008000;\">Este sitio web es propiedad de Ana Bel\u00e9n Moreno incluidos todos los contenidos (im\u00e1genes, textos y cualquier otro material). Queda prohibido su uso con fines comerciales, su comunicaci\u00f3n p\u00fablica o distribuci\u00f3n o cualquier otra forma de explotaci\u00f3n\u00a0 as\u00ed como su transformaci\u00f3n o alteraci\u00f3n sin expreso consentimiento. Ana Bel\u00e9n Moreno se reserva el derecho a iniciar acciones legales para reparar los da\u00f1os y perjuicios causados por cualquier acto.<\/span><\/em><\/p>\n<p><span style=\"color: #008000;\"><em>El uso de este sitio web implica la aceptaci\u00f3n plena y sin reservas de los t\u00e9rminos y condiciones contenidos en el presente aviso legal. Los posibles conflictos se regir\u00e1n por el derecho del Estado espa\u00f1ol y de la comunidad Valenciana.<\/em><\/span><\/p>\n<p><span style=\"color: #008000;\"><em>Ley de protecci\u00f3n de datos<\/em><\/span><\/p>\n<p><em><span style=\"color: #008000;\"><span style=\"color: #008000;\">En cumplimiento de lo establecido en la Ley Org\u00e1nica 15\/1999, de 13 de diciembre, de Protecci\u00f3n de Datos de Car\u00e1cter Personal, le comunicamos que los datos que usted nos facilite quedar\u00e1n incorporados y ser\u00e1n tratados en los ficheros titularidad de Ana Bel\u00e9n Moreno Castro responsable del fichero con el fin de poderle prestar nuestros servicios, as\u00ed como para mantenerlo\u00a0informado sobre cuestiones relativas a la actividad de la empresa y sus servicios.<\/span><\/span><\/em><\/p>\n<p><span style=\"color: #008000;\"><em>Asi mismo, le informamos de la posibilidad que tiene de ejercer los derechos de acceso, rectificaci\u00f3n, cancelaci\u00f3n y oposici\u00f3n de sus datos de car\u00e1cter personal mediante correo electr\u00f3nico a anabelen@efikanutricion.es.<\/em><\/span><\/p>\n<p><span style=\"color: #008000;\">Para los datos de suscripci\u00f3n la empresa que los gestiona es Specific-feeds y su p\u00f3litica de privacidad est\u00e1 en <a style=\"color: #008000;\" href=\"https:\/\/www.specificfeeds.com\/page\/privacy-policy\">https:\/\/www.specificfeeds.com\/page\/privacy-policy<\/a><\/span><\/p>\n<h3><\/h3>\n<h2><\/h2>\n<p>&nbsp;<\/p>\n<p>&nbsp;<\/p>\n<p>&nbsp;<\/p>\n<h3><\/h3>\n","protected":false},"excerpt":{"rendered":"<p>Aviso legal Este sitio web es propiedad de Ana Bel\u00e9n Moreno incluidos todos los contenidos (im\u00e1genes, textos y cualquier otro material). Queda prohibido su uso con fines comerciales, su comunicaci\u00f3n p\u00fablica o distribuci\u00f3n o cualquier otra forma de explotaci\u00f3n\u00a0 as\u00ed como su transformaci\u00f3n o alteraci\u00f3n sin expreso consentimiento. Ana Bel\u00e9n Moreno se reserva el derecho [&hellip;]<\/p>\n","protected":false},"author":1,"featured_media":0,"parent":0,"menu_order":0,"comment_status":"closed","ping_status":"closed","template":"","meta":{"sfsi_plus_gutenberg_text_before_share":"","sfsi_plus_gutenberg_show_text_before_share":"","sfsi_plus_gutenberg_icon_type":"","sfsi_plus_gutenberg_icon_alignemt":"","sfsi_plus_gutenburg_max_per_row":""},"_links":{"self":[{"href":"https:\/\/www.efikanutricion.es\/index.php\/wp-json\/wp\/v2\/pages\/295"}],"collection":[{"href":"https:\/\/www.efikanutricion.es\/index.php\/wp-json\/wp\/v2\/pages"}],"about":[{"href":"https:\/\/www.efikanutricion.es\/index.php\/wp-json\/wp\/v2\/types\/page"}],"author":[{"embeddable":true,"href":"https:\/\/www.efikanutricion.es\/index.php\/wp-json\/wp\/v2\/users\/1"}],"replies":[{"embeddable":true,"href":"https:\/\/www.efikanutricion.es\/index.php\/wp-json\/wp\/v2\/comments?post=295"}],"version-history":[{"count":8,"href":"https:\/\/www.efikanutricion.es\/index.php\/wp-json\/wp\/v2\/pages\/295\/revisions"}],"predecessor-version":[{"id":555,"href":"https:\/\/www.efikanutricion.es\/index.php\/wp-json\/wp\/v2\/pages\/295\/revisions\/555"}],"wp:attachment":[{"href":"https:\/\/www.efikanutricion.es\/index.php\/wp-json\/wp\/v2\/media?parent=295"}],"curies":[{"name":"wp","href":"https:\/\/api.w.org\/{rel}","templated":true}]}}