{"id":10,"date":"2018-02-16T10:29:30","date_gmt":"2018-02-16T10:29:30","guid":{"rendered":"http:\/\/www.efikanutricion.es\/?page_id=10"},"modified":"2023-04-26T09:22:22","modified_gmt":"2023-04-26T09:22:22","slug":"inicio","status":"publish","type":"page","link":"https:\/\/www.efikanutricion.es\/","title":{"rendered":"Mi historia"},"content":{"rendered":"<p style=\"text-align: justify;\"><span style=\"color: #008000;\">\u00a1Bienvenido a mi blog!<\/span><\/p>\n<p style=\"text-align: justify;\"><span style=\"color: #008000;\">Me llamo Ana Bel\u00e9n Moreno y tengo el t\u00edtulo de T\u00e9cnico en diet\u00e9tica y nutrici\u00f3n, soy dietista colegiada para poder ejercer esta profesi\u00f3n tan maravillosa.<\/span><\/p>\n<p style=\"line-height: 24px;\"><a href=\"http:\/\/www.efikanutricion.es\/wp-content\/uploads\/2023\/04\/ANA-BELEN-nutricionista-048w-scaled.jpg\"><img loading=\"lazy\" class=\" wp-image-1198 aligncenter\" src=\"http:\/\/www.efikanutricion.es\/wp-content\/uploads\/2023\/04\/ANA-BELEN-nutricionista-048w-300x198.jpg\" alt=\"\" width=\"361\" height=\"238\" srcset=\"https:\/\/www.efikanutricion.es\/wp-content\/uploads\/2023\/04\/ANA-BELEN-nutricionista-048w-300x198.jpg 300w, https:\/\/www.efikanutricion.es\/wp-content\/uploads\/2023\/04\/ANA-BELEN-nutricionista-048w-1024x676.jpg 1024w, https:\/\/www.efikanutricion.es\/wp-content\/uploads\/2023\/04\/ANA-BELEN-nutricionista-048w-768x507.jpg 768w, https:\/\/www.efikanutricion.es\/wp-content\/uploads\/2023\/04\/ANA-BELEN-nutricionista-048w-1536x1014.jpg 1536w, https:\/\/www.efikanutricion.es\/wp-content\/uploads\/2023\/04\/ANA-BELEN-nutricionista-048w-2048x1352.jpg 2048w, https:\/\/www.efikanutricion.es\/wp-content\/uploads\/2023\/04\/ANA-BELEN-nutricionista-048w-1240x818.jpg 1240w, https:\/\/www.efikanutricion.es\/wp-content\/uploads\/2023\/04\/ANA-BELEN-nutricionista-048w-508x335.jpg 508w\" sizes=\"(max-width: 361px) 100vw, 361px\" \/><\/a><\/p>\n<p style=\"text-align: justify;\"><span style=\"color: #008000;\">Todos tenemos nuestra historia y la m\u00eda e<\/span><span style=\"color: #008000;\">s q<\/span><span style=\"color: #008000;\">ue durante muchos a\u00f1os estuve trabajando de administrativa y no me sent\u00eda realizada.<\/span><\/p>\n<p style=\"text-align: justify;\"><span style=\"color: #008000;\">Lleg\u00f3 la crisis y mi nueva situaci\u00f3n me hizo replantearme muchas cosas, tom\u00e9 una decisi\u00f3n a nivel profesional importante, decid\u00ed reinventarme, crearme una profesi\u00f3n en la que disfrutara de verdad y en la que poder ganarme la vida y, as\u00ed lo he hecho.<\/span><\/p>\n<p style=\"text-align: justify;\"><span style=\"color: #008000;\">No importa la edad que tenga<\/span><span style=\"color: #008000;\">s, tienes que perseguir tus sue\u00f1os y si no has podido estudiar en su momento , no pasa nada, nunca es tarde para aprender aquella profesi\u00f3n que de verdad te gusta.<\/span><\/p>\n<p style=\"text-align: justify;\"><span style=\"color: #008000;\">Desde el a\u00f1o 2015 ayudo a much\u00edsimas personas a perseguir su objetivo, primero trabajando para una empresa y ahora como aut\u00f3noma, me dedico a pasar consulta e imparto charlas y talleres sobre nutrici\u00f3n, he creado el m\u00e9todo EFIKA con mucho esfuerzo y constancia.<\/span><\/p>\n<p style=\"text-align: justify;\"><span style=\"color: #008000;\">Si necesitas apoyo hac\u00eda la sa<\/span><span style=\"color: #008000;\">lud y el bienestar, ir cumpliendo a\u00f1os y envejecer con calidad de vida crea una rutina en tu alimentaci\u00f3n donde la lleves bien y la disfru<\/span><span style=\"color: #008000;\">tes siempre, porque si quieres puedes, con mi ayuda lo lograr\u00e1s.\u00a0<\/span><\/p>\n<p>&nbsp;<\/p>\n<p>&nbsp;<\/p>\n","protected":false},"excerpt":{"rendered":"<p>\u00a1Bienvenido a mi blog! Me llamo Ana Bel\u00e9n Moreno y tengo el t\u00edtulo de T\u00e9cnico en diet\u00e9tica y nutrici\u00f3n, soy dietista colegiada para poder ejercer esta profesi\u00f3n tan maravillosa. Todos tenemos nuestra historia y la m\u00eda es que durante muchos a\u00f1os estuve trabajando de administrativa y no me sent\u00eda realizada. Lleg\u00f3 la crisis y mi [&hellip;]<\/p>\n","protected":false},"author":1,"featured_media":0,"parent":0,"menu_order":0,"comment_status":"closed","ping_status":"closed","template":"","meta":{"sfsi_plus_gutenberg_text_before_share":"","sfsi_plus_gutenberg_show_text_before_share":"","sfsi_plus_gutenberg_icon_type":"","sfsi_plus_gutenberg_icon_alignemt":"","sfsi_plus_gutenburg_max_per_row":""},"_links":{"self":[{"href":"https:\/\/www.efikanutricion.es\/index.php\/wp-json\/wp\/v2\/pages\/10"}],"collection":[{"href":"https:\/\/www.efikanutricion.es\/index.php\/wp-json\/wp\/v2\/pages"}],"about":[{"href":"https:\/\/www.efikanutricion.es\/index.php\/wp-json\/wp\/v2\/types\/page"}],"author":[{"embeddable":true,"href":"https:\/\/www.efikanutricion.es\/index.php\/wp-json\/wp\/v2\/users\/1"}],"replies":[{"embeddable":true,"href":"https:\/\/www.efikanutricion.es\/index.php\/wp-json\/wp\/v2\/comments?post=10"}],"version-history":[{"count":36,"href":"https:\/\/www.efikanutricion.es\/index.php\/wp-json\/wp\/v2\/pages\/10\/revisions"}],"predecessor-version":[{"id":1200,"href":"https:\/\/www.efikanutricion.es\/index.php\/wp-json\/wp\/v2\/pages\/10\/revisions\/1200"}],"wp:attachment":[{"href":"https:\/\/www.efikanutricion.es\/index.php\/wp-json\/wp\/v2\/media?parent=10"}],"curies":[{"name":"wp","href":"https:\/\/api.w.org\/{rel}","templated":true}]}}